{"id":21946,"date":"2024-10-03T19:33:42","date_gmt":"2024-10-03T19:33:42","guid":{"rendered":"https:\/\/neurobrain.ai\/?page_id=21946"},"modified":"2025-10-12T16:55:09","modified_gmt":"2025-10-12T16:55:09","slug":"legal-compliance","status":"publish","type":"page","link":"https:\/\/neurobrain.ai\/es\/legal-compliance\/","title":{"rendered":"Legal y cumplimiento"},"content":{"rendered":"<div data-elementor-type=\"wp-page\" data-elementor-id=\"21946\" class=\"elementor elementor-21946\" data-elementor-post-type=\"page\">\n\t\t\t\t\t\t<section class=\"elementor-section elementor-top-section elementor-element elementor-element-cc2bb85 elementor-section-full_width elementor-section-stretched elementor-section-height-default elementor-section-height-default sc_fly_static\" data-id=\"cc2bb85\" data-element_type=\"section\" data-settings=\"{&quot;stretch_section&quot;:&quot;section-stretched&quot;}\">\n\t\t\t\t\t\t<div class=\"elementor-container elementor-column-gap-extended\">\n\t\t\t\t\t<div class=\"elementor-column elementor-col-100 elementor-top-column elementor-element elementor-element-1e5f09b sc_inner_width_1_1 sc_content_align_center sc_layouts_column_icons_position_left sc_fly_static\" data-id=\"1e5f09b\" data-element_type=\"column\">\n\t\t\t<div class=\"elementor-widget-wrap elementor-element-populated\">\n\t\t\t\t\t\t<div class=\"elementor-element elementor-element-111ece5e elementor-widget__width-auto sc_fly_static elementor-widget elementor-widget-text-editor\" data-id=\"111ece5e\" data-element_type=\"widget\" data-widget_type=\"text-editor.default\">\n\t\t\t\t<div class=\"elementor-widget-container\">\n\t\t\t\t\t\t\t\t\t<h1>NeuroBrain.AI \u2013 Asuntos Legales y Cumplimiento<\/h1>\n<p>Bienvenido a <strong>NeuroBrain.AI<\/strong>. Esta p\u00e1gina detalla nuestros T\u00e9rminos y Condiciones, nuestra Pol\u00edtica de Privacidad y las Directrices del Programa de Afiliados. Al usar nuestra plataforma, aceptas todas las disposiciones que se detallan a continuaci\u00f3n.<\/p>\n\n<h2>Tabla de contenido<\/h2>\n<ul>\n  <li><a href=\"#terms\">1. T\u00e9rminos y condiciones<\/a><\/li>\n  <li><a href=\"#privacy\">2. Pol\u00edtica de privacidad<\/a><\/li>\n  <li><a href=\"#affiliate\">3. Pol\u00edtica del programa de afiliados<\/a><\/li>\n  <li><a href=\"#contact\">4. Informaci\u00f3n de contacto<\/a><\/li>\n<\/ul>\n\n<hr\/>\n\n<div class=\"accordion\">\n\n  <!-- TERMS -->\n  <div class=\"accordion-item\" id=\"terms\">\n    <h3 class=\"accordion-header\">1. T\u00e9rminos y condiciones<\/h3>\n    <div class=\"accordion-content\">\n      <h4>1.1 Introducci\u00f3n<\/h4>\n      <p>NeuroBrain.AI ayuda a personas y organizaciones a alcanzar sus objetivos mediante tutoriales personalizados que integran IA y neurociencia. Al acceder o utilizar nuestra plataforma, acepta estos T\u00e9rminos y Condiciones.<\/p>\n\n      <h4>1.2 Suscripci\u00f3n y pago<\/h4>\n      <ul>\n        <li><strong>Uso personal:<\/strong> $9.97\/mes o $99.70\/a\u00f1o (ahorra 2 meses)<\/li>\n        <li><strong>Empresas\/Instituciones\/Familias:<\/strong> $48\/mes (1 Usuario Principal + hasta 5 Miembros)<\/li>\n      <\/ul>\n      <p><strong>Reembolso:<\/strong> Reembolso completo durante los primeros 7 d\u00edas de la suscripci\u00f3n pagada. Las suscripciones se pueden cancelar en cualquier momento; el acceso permanece vigente hasta el final del ciclo de facturaci\u00f3n.<\/p>\n\n      <h4>1.3 Responsabilidades de los miembros<\/h4>\n      <ul>\n        <li>Mantener el profesionalismo y cumplir con las pautas de la comunidad.<\/li>\n        <li>Seguir est\u00e1ndares \u00e9ticos en las interacciones.<\/li>\n        <li>Opcional: participar en debates, compartir recursos o asesorar a otros.<\/li>\n      <\/ul>\n      <p>Los beneficios pueden ajustarse seg\u00fan la participaci\u00f3n. El incumplimiento puede resultar en la suspensi\u00f3n o el despido.<\/p>\n\n      <h4>1.4 Cuentas de usuario<\/h4>\n      <p>Los titulares de cuentas son responsables de mantener sus credenciales de inicio de sesi\u00f3n seguras y precisas. NeuroBrain.AI no se responsabiliza del acceso no autorizado.<\/p>\n\n      <h4>1.5 Uso del contenido<\/h4>\n      <p>Todos los materiales son para uso personal y educativo. Su reproducci\u00f3n o reventa requiere autorizaci\u00f3n escrita. Algunos tutoriales contienen enlaces de afiliados.<\/p>\n\n      <h4>1.6 Propiedad intelectual<\/h4>\n      <p>Todo el contenido, dise\u00f1o, gr\u00e1ficos y datos son propiedad de NeuroBrain.AI o sus licenciantes. Queda prohibida su copia, modificaci\u00f3n o distribuci\u00f3n sin consentimiento.<\/p>\n\n      <h4>1.7 Propiedad intelectual y protecci\u00f3n del contenido (mejorada)<\/h4>\n      <p>Todos los materiales, contenidos y herramientas proporcionados en NeuroBrain.AI \u2014incluidos, entre otros, los tutoriales, indicaciones, im\u00e1genes y herramientas interactivas generadas por IA\u2014 son propiedad exclusiva de NeuroBrain.AI.<\/p>\n      <ul>\n        <li><strong>Aviso de derechos de autor:<\/strong> \u00a9 2025 NeuroBrain.AI. Todos los derechos reservados.<\/li>\n        <li><strong>Protecci\u00f3n de marca:<\/strong> El nombre y el logotipo son marcas registradas.<\/li>\n        <li><strong>Protecci\u00f3n de IA\/API:<\/strong> Queda estrictamente prohibida la ingenier\u00eda inversa o la replicaci\u00f3n de AI Engine, DALL\u00b7E, Whisper o los endpoints de la API.<\/li>\n        <li><strong>Cumplimiento de la DMCA:<\/strong> Las notificaciones de infracci\u00f3n pueden enviarse a <a href=\"mailto:info@neurobrain.ai\">info@neurobrain.ai<\/a>.<\/li>\n      <\/ul>\n\n      <h4>1.8 Exclusi\u00f3n de garant\u00edas y limitaci\u00f3n de responsabilidad<\/h4>\n      <p>Los servicios se proporcionan &quot;tal cual&quot;. NeuroBrain.AI no se hace responsable de los da\u00f1os directos, indirectos, incidentales o consecuentes.<\/p>\n\n      <h4>1.9 Terminaci\u00f3n y modificaciones<\/h4>\n      <p>Las cuentas pueden ser suspendidas o canceladas por infracciones. Los t\u00e9rminos pueden actualizarse en cualquier momento; el uso continuado implica su aceptaci\u00f3n.<\/p>\n\n      <h4>1.10 Ley aplicable<\/h4>\n      <p>Estos T\u00e9rminos se rigen por las leyes de la Ciudad de Panam\u00e1, Panam\u00e1. Jurisdicci\u00f3n exclusiva: Tribunales de Panam\u00e1.<\/p>\n    <\/div>\n  <\/div>\n\n  <!-- PRIVACY -->\n  <div class=\"accordion-item\" id=\"privacy\">\n    <h3 class=\"accordion-header\">2. Pol\u00edtica de privacidad<\/h3>\n    <div class=\"accordion-content\">\n      <h4>2.1 Informaci\u00f3n que recopilamos<\/h4>\n      <ul>\n        <li><strong>Personal:<\/strong> Nombre, correo electr\u00f3nico, informaci\u00f3n de cuenta, informaci\u00f3n de pago<\/li>\n        <li><strong>Uso:<\/strong> IP, informaci\u00f3n del dispositivo, p\u00e1ginas visitadas, datos de interacci\u00f3n<\/li>\n        <li><strong>Galletas:<\/strong> Gesti\u00f3n y an\u00e1lisis de sesiones<\/li>\n      <\/ul>\n\n      <h4>2.2 C\u00f3mo usamos su informaci\u00f3n<\/h4>\n      <ul>\n        <li>Proporcionar y mejorar los servicios<\/li>\n        <li>Procesar pagos y suscripciones<\/li>\n        <li>Garantizar la seguridad de la plataforma<\/li>\n        <li>Enviar actualizaciones y comunicaciones<\/li>\n      <\/ul>\n\n      <h4>2.3 Privacidad y seguridad de datos (Mejorada)<\/h4>\n      <p>Todos los datos de usuario se cifran durante la transmisi\u00f3n, se almacenan de forma segura y se anonimizan cuando se analizan para mejorar la IA. La informaci\u00f3n identificable nunca se comparte externamente.<\/p>\n      <ul>\n        <li><strong>Interacciones con IA:<\/strong> Las conversaciones pueden registrarse para mejorar el rendimiento.<\/li>\n        <li><strong>Integraciones de terceros:<\/strong> AI Engine, DALL\u00b7E, Whisper, Twilio y Make siguen pol\u00edticas de datos estrictas.<\/li>\n        <li><strong>Derechos del usuario:<\/strong> Contacto <a href=\"mailto:privacy@neurobrain.ai\">privacidad@neurobrain.ai<\/a> para acceder, modificar o eliminar datos.<\/li>\n      <\/ul>\n\n      <p><strong>Retenci\u00f3n de datos:<\/strong> Las cuentas inactivas durante m\u00e1s de 12 meses se eliminan autom\u00e1ticamente.<\/p>\n      <p><em>\u00daltima actualizaci\u00f3n: octubre de 2025<\/em><\/p>\n    <\/div>\n  <\/div>\n\n  <!-- AFFILIATE -->\n  <div class=\"accordion-item\" id=\"affiliate\">\n    <h3 class=\"accordion-header\">3. Pol\u00edtica del programa de afiliados<\/h3>\n    <div class=\"accordion-content\">\n      <h4>3.1 Requisitos de admisi\u00f3n e inscripci\u00f3n<\/h4>\n      <p>Los suscriptores anuales se inscriben autom\u00e1ticamente. Gana una comisi\u00f3n de 20% por las referencias que califiquen.<\/p>\n\n      <h4>3.2 Condiciones de la Comisi\u00f3n<\/h4>\n      <ul>\n        <li>Solo transacciones v\u00e1lidas y completadas<\/li>\n        <li>Reembolsos o devoluciones de cargos revierten comisiones<\/li>\n        <li>Pago mensual tras un m\u00ednimo de $50<\/li>\n      <\/ul>\n\n      <h4>3.3 Responsabilidades<\/h4>\n      <ul>\n        <li>Promover \u00e9tica y legalmente<\/li>\n        <li>No se permite spam ni afirmaciones falsas.<\/li>\n        <li>Cumpla con las normas de divulgaci\u00f3n de la FTC<\/li>\n      <\/ul>\n\n      <p>Las infracciones pueden conllevar la suspensi\u00f3n o el despido.<\/p>\n    <\/div>\n  <\/div>\n\n  <!-- CONTACT -->\n  <div class=\"accordion-item\" id=\"contact\">\n    <h3 class=\"accordion-header\">4. Informaci\u00f3n de contacto<\/h3>\n    <div class=\"accordion-content\">\n      <p>Para preguntas, inquietudes o consultas legales:<\/p>\n      <p><strong>Correo electr\u00f3nico:<\/strong> <a href=\"mailto:support@neurobrain.ai\">soporte@neurobrain.ai<\/a><\/p>\n      <p><em>\u00daltima actualizaci\u00f3n: 12 de octubre de 2025<\/em><\/p>\n    <\/div>\n  <\/div>\n<\/div>\n\n<style>\n.accordion { border: 1px solid #ddd; border-radius: 8px; }\n.accordion-item { border-bottom: 1px solid #ddd; }\n.accordion-header { cursor: pointer; padding: 1rem; background: #f5f5f5; margin: 0; transition: background 0.2s; }\n.accordion-header:hover { background: #eaeaea; }\n.accordion-content { display: none; padding: 1rem; }\n.accordion-header.active { background: #e0e0e0; }\n.accordion-content.show { display: block; }\n<\/style>\n\n<script>\ndocument.querySelectorAll('.accordion-header').forEach(header => {\n  header.addEventListener('click', () => {\n    header.classList.toggle('active');\n    const content = header.nextElementSibling;\n    content.classList.toggle('show');\n  });\n});\n\n\/\/ Auto-expand on Table of Contents click\ndocument.querySelectorAll('a[href^=\"#\"]').forEach(link => {\n  link.addEventListener('click', e => {\n    const id = link.getAttribute('href');\n    const section = document.querySelector(id);\n    if (section) {\n      e.preventDefault();\n\n      \/\/ Close all open sections\n      document.querySelectorAll('.accordion-content').forEach(c => c.classList.remove('show'));\n      document.querySelectorAll('.accordion-header').forEach(h => h.classList.remove('active'));\n\n      \/\/ Open target section\n      const header = section.querySelector('.accordion-header');\n      const content = section.querySelector('.accordion-content');\n      header.classList.add('active');\n      content.classList.add('show');\n\n      \/\/ Smooth scroll\n      section.scrollIntoView({ behavior: \"smooth\", block: \"start\" });\n    }\n  });\n});\n<\/script>\n\t\t\t\t\t\t\t\t<\/div>\n\t\t\t\t<\/div>\n\t\t\t\t\t<\/div>\n\t\t<\/div>\n\t\t\t\t\t<\/div>\n\t\t<\/section>\n\t\t\t\t<\/div>","protected":false},"excerpt":{"rendered":"<p>NeuroBrain.AI \u2013 Legal y Cumplimiento Bienvenido a NeuroBrain.AI. Esta p\u00e1gina describe nuestros T\u00e9rminos y Condiciones, Pol\u00edtica de Privacidad y Directrices del Programa de Afiliados. Al usar nuestra plataforma, acepta todas las disposiciones\u2026<\/p>","protected":false},"author":1,"featured_media":0,"parent":0,"menu_order":0,"comment_status":"closed","ping_status":"closed","template":"","meta":{"_seopress_robots_primary_cat":"","_seopress_titles_title":"","_seopress_titles_desc":"","_seopress_robots_index":"","_gspb_post_css":"","pmpro_default_level":"","jetpack_post_was_ever_published":false,"_glsr_average":0,"_glsr_ranking":0,"_glsr_reviews":0,"footnotes":""},"class_list":["post-21946","page","type-page","status-publish","hentry","pmpro-has-access"],"jetpack_sharing_enabled":true,"_links":{"self":[{"href":"https:\/\/neurobrain.ai\/es\/wp-json\/wp\/v2\/pages\/21946","targetHints":{"allow":["GET"]}}],"collection":[{"href":"https:\/\/neurobrain.ai\/es\/wp-json\/wp\/v2\/pages"}],"about":[{"href":"https:\/\/neurobrain.ai\/es\/wp-json\/wp\/v2\/types\/page"}],"author":[{"embeddable":true,"href":"https:\/\/neurobrain.ai\/es\/wp-json\/wp\/v2\/users\/1"}],"replies":[{"embeddable":true,"href":"https:\/\/neurobrain.ai\/es\/wp-json\/wp\/v2\/comments?post=21946"}],"version-history":[{"count":64,"href":"https:\/\/neurobrain.ai\/es\/wp-json\/wp\/v2\/pages\/21946\/revisions"}],"predecessor-version":[{"id":38035,"href":"https:\/\/neurobrain.ai\/es\/wp-json\/wp\/v2\/pages\/21946\/revisions\/38035"}],"wp:attachment":[{"href":"https:\/\/neurobrain.ai\/es\/wp-json\/wp\/v2\/media?parent=21946"}],"curies":[{"name":"wp","href":"https:\/\/api.w.org\/{rel}","templated":true}]}}